{"id":43,"date":"2023-01-10T21:49:56","date_gmt":"2023-01-10T20:49:56","guid":{"rendered":"http:\/\/lauralavigne-neuropsy.fr\/?page_id=43"},"modified":"2023-05-01T18:03:37","modified_gmt":"2023-05-01T16:03:37","slug":"remediation-cognitive","status":"publish","type":"page","link":"https:\/\/lauralavigne-neuropsy.fr\/index.php\/remediation-cognitive\/","title":{"rendered":"Prises en charge"},"content":{"rendered":"\t\t<div data-elementor-type=\"wp-page\" data-elementor-id=\"43\" class=\"elementor elementor-43\">\n\t\t\t\t\t\t\t\t\t<section class=\"elementor-section elementor-top-section elementor-element elementor-element-4cbf753d elementor-section-boxed elementor-section-height-default elementor-section-height-default\" data-id=\"4cbf753d\" data-element_type=\"section\">\n\t\t\t\t\t\t<div class=\"elementor-container elementor-column-gap-default\">\n\t\t\t\t\t<div class=\"elementor-column elementor-col-100 elementor-top-column elementor-element elementor-element-34a875d1\" data-id=\"34a875d1\" data-element_type=\"column\">\n\t\t\t<div class=\"elementor-widget-wrap elementor-element-populated\">\n\t\t\t\t\t\t\t\t<div class=\"elementor-element elementor-element-219401a3 elementor-widget elementor-widget-text-editor\" data-id=\"219401a3\" data-element_type=\"widget\" data-widget_type=\"text-editor.default\">\n\t\t\t\t<div class=\"elementor-widget-container\">\n\t\t\t<style>\/*! elementor - v3.11.1 - 15-02-2023 *\/\n.elementor-widget-text-editor.elementor-drop-cap-view-stacked .elementor-drop-cap{background-color:#818a91;color:#fff}.elementor-widget-text-editor.elementor-drop-cap-view-framed .elementor-drop-cap{color:#818a91;border:3px solid;background-color:transparent}.elementor-widget-text-editor:not(.elementor-drop-cap-view-default) .elementor-drop-cap{margin-top:8px}.elementor-widget-text-editor:not(.elementor-drop-cap-view-default) .elementor-drop-cap-letter{width:1em;height:1em}.elementor-widget-text-editor .elementor-drop-cap{float:left;text-align:center;line-height:1;font-size:50px}.elementor-widget-text-editor .elementor-drop-cap-letter{display:inline-block}<\/style>\t\t\t\t<p><!-- wp:paragraph --><\/p>\n<p>La<b> rem\u00e9diation cognitive<\/b><\/p>\n<p>La rem\u00e9diation cognitive vise \u00e0 am\u00e9liorer la qualit\u00e9 de vie de personnes pr\u00e9sentant des troubles cognitifs, quelle que soit leur origine. Le travail r\u00e9alis\u00e9 d\u00e9pend de vos objectifs et de la nature de vos difficult\u00e9s. La rem\u00e9diation cognitive est r\u00e9alis\u00e9e \u00e0 l&rsquo;aide de divers moyens, dont la psycho\u00e9ducation, l&rsquo;apprentissage de nouvelles strat\u00e9gies de fonctionnement et les moyens de compensation.<\/p>\n<p><!-- \/wp:paragraph --><\/p>\n<p><!-- wp:paragraph --><\/p>\n<p>Le tarif d&rsquo;une s\u00e9ance est de 60 euros (45 minutes \u00e0 1h). La fr\u00e9quence et le nombre de s\u00e9ances d\u00e9pend de vos objectifs.<\/p>\n<p><b>Les psychoth\u00e9rapies<\/b><\/p>\n<div>\n<p>Les prises en charge psychologiques que je vous propose sont bas\u00e9es sur les th\u00e9rapies comportementales et cognitives (TCC). Les TCC ont d\u00e9montr\u00e9 leur efficacit\u00e9 dans un grand nombre de troubles dont la d\u00e9pression, les troubles anxieux (phobies, TOC, trouble anxieux g\u00e9n\u00e9ralis\u00e9, agoraphobie), le trouble de stress post-traumatique.<\/p>\n<p><\/p>\n<p>Avant de d\u00e9buter la th\u00e9rapie, nous commen\u00e7ons par une \u00e9valuation pr\u00e9cise de votre probl\u00e9matique. Le nombre de s\u00e9ances et leur fr\u00e9quence varie en fonction de vos objectifs et des progr\u00e8s r\u00e9alis\u00e9s \u00e0 mesure du temps.<\/p>\n<p>La motivation au changement et la qualit\u00e9 de la relation th\u00e9rapeutique sont des \u00e9l\u00e9ments essentiels \u00e0 l&rsquo;efficacit\u00e9 de la prise en charge.<\/p>\n<p>Une s\u00e9ance dure entre 45 minutes et 1h. Le tarif est de 60 euros. En cas de difficult\u00e9s financi\u00e8res (\u00e9tudiants, s\u00e9niors, personnes sans<br>emploi), n\u2019h\u00e9sitez pas \u00e0 en parler, je peux adapter mes tarifs.<\/p>\n<\/div>\n<p><!-- \/wp:paragraph --><\/p>\n<p><!-- wp:paragraph --><\/p>\n<p><!-- \/wp:paragraph --><\/p>\n<p><!-- wp:paragraph --><\/p>\n<p><!-- \/wp:paragraph --><\/p>\t\t\t\t\t\t<\/div>\n\t\t\t\t<\/div>\n\t\t\t\t\t<\/div>\n\t\t<\/div>\n\t\t\t\t\t\t\t<\/div>\n\t\t<\/section>\n\t\t\t\t<section class=\"elementor-section elementor-top-section elementor-element elementor-element-16f0be4 elementor-section-boxed elementor-section-height-default elementor-section-height-default\" data-id=\"16f0be4\" data-element_type=\"section\">\n\t\t\t\t\t\t<div class=\"elementor-container elementor-column-gap-default\">\n\t\t\t\t\t<div class=\"elementor-column elementor-col-100 elementor-top-column elementor-element elementor-element-2e6f745\" data-id=\"2e6f745\" data-element_type=\"column\">\n\t\t\t<div class=\"elementor-widget-wrap\">\n\t\t\t\t\t\t\t\t\t<\/div>\n\t\t<\/div>\n\t\t\t\t\t\t\t<\/div>\n\t\t<\/section>\n\t\t\t\t\t\t\t<\/div>\n\t\t","protected":false},"excerpt":{"rendered":"<p>La rem\u00e9diation cognitive La rem\u00e9diation cognitive vise \u00e0 am\u00e9liorer la qualit\u00e9 de vie de personnes pr\u00e9sentant des troubles cognitifs, quelle que soit leur origine. Le travail r\u00e9alis\u00e9 d\u00e9pend de vos objectifs et de la nature de vos difficult\u00e9s. La rem\u00e9diation cognitive est r\u00e9alis\u00e9e \u00e0 l&rsquo;aide de divers moyens, dont la psycho\u00e9ducation, l&rsquo;apprentissage de nouvelles strat\u00e9gies &hellip;<\/p>\n<p class=\"read-more\"> <a class=\"\" href=\"https:\/\/lauralavigne-neuropsy.fr\/index.php\/remediation-cognitive\/\"> <span class=\"screen-reader-text\">Prises en charge<\/span> Lire la suite\u00a0\u00bb<\/a><\/p>\n","protected":false},"author":1,"featured_media":0,"parent":0,"menu_order":0,"comment_status":"closed","ping_status":"closed","template":"","meta":{"site-sidebar-layout":"default","site-content-layout":"default","ast-global-header-display":"","ast-main-header-display":"","ast-hfb-above-header-display":"","ast-hfb-below-header-display":"","ast-hfb-mobile-header-display":"","site-post-title":"","ast-breadcrumbs-content":"","ast-featured-img":"","footer-sml-layout":"","theme-transparent-header-meta":"","adv-header-id-meta":"","stick-header-meta":"","header-above-stick-meta":"","header-main-stick-meta":"","header-below-stick-meta":"","footnotes":""},"class_list":["post-43","page","type-page","status-publish","hentry"],"_links":{"self":[{"href":"https:\/\/lauralavigne-neuropsy.fr\/index.php\/wp-json\/wp\/v2\/pages\/43","targetHints":{"allow":["GET"]}}],"collection":[{"href":"https:\/\/lauralavigne-neuropsy.fr\/index.php\/wp-json\/wp\/v2\/pages"}],"about":[{"href":"https:\/\/lauralavigne-neuropsy.fr\/index.php\/wp-json\/wp\/v2\/types\/page"}],"author":[{"embeddable":true,"href":"https:\/\/lauralavigne-neuropsy.fr\/index.php\/wp-json\/wp\/v2\/users\/1"}],"replies":[{"embeddable":true,"href":"https:\/\/lauralavigne-neuropsy.fr\/index.php\/wp-json\/wp\/v2\/comments?post=43"}],"version-history":[{"count":14,"href":"https:\/\/lauralavigne-neuropsy.fr\/index.php\/wp-json\/wp\/v2\/pages\/43\/revisions"}],"predecessor-version":[{"id":188,"href":"https:\/\/lauralavigne-neuropsy.fr\/index.php\/wp-json\/wp\/v2\/pages\/43\/revisions\/188"}],"wp:attachment":[{"href":"https:\/\/lauralavigne-neuropsy.fr\/index.php\/wp-json\/wp\/v2\/media?parent=43"}],"curies":[{"name":"wp","href":"https:\/\/api.w.org\/{rel}","templated":true}]}}