{"id":36,"date":"2023-01-10T21:44:13","date_gmt":"2023-01-10T20:44:13","guid":{"rendered":"http:\/\/lauralavigne-neuropsy.fr\/?page_id=36"},"modified":"2023-05-01T18:08:25","modified_gmt":"2023-05-01T16:08:25","slug":"a-propos","status":"publish","type":"page","link":"https:\/\/lauralavigne-neuropsy.fr\/index.php\/a-propos\/","title":{"rendered":"Pr\u00e9sentation"},"content":{"rendered":"\t\t<div data-elementor-type=\"wp-page\" data-elementor-id=\"36\" class=\"elementor elementor-36\">\n\t\t\t\t\t\t\t\t\t<section class=\"elementor-section elementor-top-section elementor-element elementor-element-1b60f066 elementor-section-boxed elementor-section-height-default elementor-section-height-default\" data-id=\"1b60f066\" data-element_type=\"section\">\n\t\t\t\t\t\t<div class=\"elementor-container elementor-column-gap-default\">\n\t\t\t\t\t<div class=\"elementor-column elementor-col-100 elementor-top-column elementor-element elementor-element-6342494d\" data-id=\"6342494d\" data-element_type=\"column\">\n\t\t\t<div class=\"elementor-widget-wrap elementor-element-populated\">\n\t\t\t\t\t\t\t\t<div class=\"elementor-element elementor-element-23a80946 elementor-widget elementor-widget-text-editor\" data-id=\"23a80946\" data-element_type=\"widget\" data-widget_type=\"text-editor.default\">\n\t\t\t\t<div class=\"elementor-widget-container\">\n\t\t\t<style>\/*! elementor - v3.11.1 - 15-02-2023 *\/\n.elementor-widget-text-editor.elementor-drop-cap-view-stacked .elementor-drop-cap{background-color:#818a91;color:#fff}.elementor-widget-text-editor.elementor-drop-cap-view-framed .elementor-drop-cap{color:#818a91;border:3px solid;background-color:transparent}.elementor-widget-text-editor:not(.elementor-drop-cap-view-default) .elementor-drop-cap{margin-top:8px}.elementor-widget-text-editor:not(.elementor-drop-cap-view-default) .elementor-drop-cap-letter{width:1em;height:1em}.elementor-widget-text-editor .elementor-drop-cap{float:left;text-align:center;line-height:1;font-size:50px}.elementor-widget-text-editor .elementor-drop-cap-letter{display:inline-block}<\/style>\t\t\t\t<p><!-- wp:paragraph --><\/p>\n<p><br><\/p>\n<p><\/p>\n<p><!-- \/wp:paragraph --><\/p>\n<p><!-- wp:paragraph --><\/p>\n<p><strong>Faire 3 blocs : un \u00e0 gauche avec une photo de ma t\u00eate (\u00e0 faire) et le texte \u00ab\u00a0mon parcours\u00a0\u00bb, un autre bloc avec le texte \u00ab\u00a0la neuropsychologie?\u00a0\u00bb et la photo que je t&rsquo;ai envoy\u00e9e, un troisi\u00e8me bloc \u00e0 gauche avec mon \u00ab\u00a0approche\u00a0\u00bb et l&rsquo;autre photo envoy\u00e9e<br><\/strong><\/p>\n<p><strong>MON PARCOURS<br><\/strong><\/p>\n<p><!-- \/wp:paragraph --><\/p>\n<p><!-- wp:paragraph --><\/p>\n<p>Psychologue sp\u00e9cialis\u00e9e en neuropsychologie, je suis titulaire du Master de neuropsychologie de l&rsquo;Universit\u00e9 de Strasbourg.<\/p>\n<p><!-- \/wp:paragraph --><\/p>\n<p><!-- wp:paragraph --><\/p>\n<p>J&rsquo;ai plusieurs ann\u00e9es d&rsquo;exp\u00e9rience dans le domaine de la neurologie, aupr\u00e8s de patients pr\u00e9sentant des pathologies diverses, de la l\u00e9sion c\u00e9r\u00e9brale acquise (traumatisme cr\u00e2nien, AVC) aux maladies neurod\u00e9g\u00e9n\u00e9ratives (maladies d&rsquo;Alzheimer et apparent\u00e9es, maladie de Parkinson). Je poss\u00e8de \u00e9galement une exp\u00e9rience significative aupr\u00e8s de patients atteints de Covid-long neurologique. Actuellement, je me sp\u00e9cialise dans le domaine des troubles du neurod\u00e9veloppement, notamment le TDAH (trouble d\u00e9ficit de l&rsquo;attention\/hyperactivit\u00e9) et je suis une formation en psychoth\u00e9rapie (th\u00e9rapies comportementales et cognitives, AFTCC).<\/p>\n<p><strong>QU&rsquo;EST-CE QUE LA NEUROPSYCHOLOGIE<br><\/strong><\/p>\n<p><\/p>\n<p>Selon l&rsquo;Organisation Fran\u00e7aise des Psychologues sp\u00e9cialis\u00e9s en<br>Neuropsychologie, \u00ab\u00a0la neuropsychologie clinique, une sp\u00e9cialit\u00e9 de la<br>psychologie, fournit <strong>une compr\u00e9hension scientifique des relations qu\u2019entretiennent le cerveau et les fonctions cognitives<\/strong>.<br>Le clinicien sp\u00e9cialis\u00e9 en neuropsychologie travaille donc avec des<br>personnes de tout \u00e2ge qui \u00e9prouvent des probl\u00e8mes neurologiques incluant<br>les pathologies neurod\u00e9veloppementales (dyslexie, dyspraxie, etc.), les<br>traumatismes cr\u00e2niens, les l\u00e9sions c\u00e9r\u00e9bro-vasculaires, les troubles<br>toxiques et m\u00e9taboliques, les tumeurs c\u00e9r\u00e9brales, tout le champ des<br>pathologies neurod\u00e9g\u00e9n\u00e9ratives ainsi que certains troubles<br>psychiatriques\u00a0\u00bb.<\/p>\n<p><\/p>\n<p>Le neuropsychologue a comme activit\u00e9s <strong>l\u2019\u00e9valuation <\/strong>des troubles cognitifs, ainsi que leur <strong>r\u00e9\u00e9ducation<\/strong>, \u00ab\u00a0au moyen d&rsquo;interventions vari\u00e9es comprenant des techniques cognitives et comportementales\u00a0\u00bb (OFPN).<\/p>\n<p><\/p>\n<p><strong>MON APPROCHE<br><\/strong><\/p>\n<p><\/p>\n<p>Scientifiquement fond\u00e9e et centr\u00e9e sur la personne. La prise en charge d\u00e9pend de votre demande individuelle. Apr\u00e8s l&rsquo;avoir d\u00e9finie ensemble, je m&rsquo;attache \u00e0 y r\u00e9pondre de fa\u00e7on objective et personnalis\u00e9e. Pour cela, je me forme de fa\u00e7on continue. Si je ne suis pas en mesure de r\u00e9pondre \u00e0 votre demande, je vous r\u00e9orienterai vers des professionnels comp\u00e9tents pour vous prendre en charge. <\/p>\n<p><\/p>\n<p><!-- \/wp:paragraph --><\/p>\n<p><\/p>\n<p><!-- \/wp:paragraph --><\/p>\n<p><!-- wp:paragraph --><\/p>\n<p><\/p>\n<p><!-- \/wp:paragraph --><\/p>\n<p><!-- wp:paragraph --><\/p>\n<p><\/p>\n<p><!-- \/wp:paragraph --><\/p>\t\t\t\t\t\t<\/div>\n\t\t\t\t<\/div>\n\t\t\t\t\t<\/div>\n\t\t<\/div>\n\t\t\t\t\t\t\t<\/div>\n\t\t<\/section>\n\t\t\t\t\t\t\t<\/div>\n\t\t","protected":false},"excerpt":{"rendered":"<p>Faire 3 blocs : un \u00e0 gauche avec une photo de ma t\u00eate (\u00e0 faire) et le texte \u00ab\u00a0mon parcours\u00a0\u00bb, un autre bloc avec le texte \u00ab\u00a0la neuropsychologie?\u00a0\u00bb et la photo que je t&rsquo;ai envoy\u00e9e, un troisi\u00e8me bloc \u00e0 gauche avec mon \u00ab\u00a0approche\u00a0\u00bb et l&rsquo;autre photo envoy\u00e9e MON PARCOURS Psychologue sp\u00e9cialis\u00e9e en neuropsychologie, je suis &hellip;<\/p>\n<p class=\"read-more\"> <a class=\"\" href=\"https:\/\/lauralavigne-neuropsy.fr\/index.php\/a-propos\/\"> <span class=\"screen-reader-text\">Pr\u00e9sentation<\/span> Lire la suite\u00a0\u00bb<\/a><\/p>\n","protected":false},"author":1,"featured_media":0,"parent":0,"menu_order":0,"comment_status":"closed","ping_status":"closed","template":"","meta":{"site-sidebar-layout":"default","site-content-layout":"default","ast-global-header-display":"","ast-main-header-display":"","ast-hfb-above-header-display":"","ast-hfb-below-header-display":"","ast-hfb-mobile-header-display":"","site-post-title":"","ast-breadcrumbs-content":"","ast-featured-img":"","footer-sml-layout":"","theme-transparent-header-meta":"","adv-header-id-meta":"","stick-header-meta":"","header-above-stick-meta":"","header-main-stick-meta":"","header-below-stick-meta":"","footnotes":""},"class_list":["post-36","page","type-page","status-publish","hentry"],"_links":{"self":[{"href":"https:\/\/lauralavigne-neuropsy.fr\/index.php\/wp-json\/wp\/v2\/pages\/36","targetHints":{"allow":["GET"]}}],"collection":[{"href":"https:\/\/lauralavigne-neuropsy.fr\/index.php\/wp-json\/wp\/v2\/pages"}],"about":[{"href":"https:\/\/lauralavigne-neuropsy.fr\/index.php\/wp-json\/wp\/v2\/types\/page"}],"author":[{"embeddable":true,"href":"https:\/\/lauralavigne-neuropsy.fr\/index.php\/wp-json\/wp\/v2\/users\/1"}],"replies":[{"embeddable":true,"href":"https:\/\/lauralavigne-neuropsy.fr\/index.php\/wp-json\/wp\/v2\/comments?post=36"}],"version-history":[{"count":26,"href":"https:\/\/lauralavigne-neuropsy.fr\/index.php\/wp-json\/wp\/v2\/pages\/36\/revisions"}],"predecessor-version":[{"id":195,"href":"https:\/\/lauralavigne-neuropsy.fr\/index.php\/wp-json\/wp\/v2\/pages\/36\/revisions\/195"}],"wp:attachment":[{"href":"https:\/\/lauralavigne-neuropsy.fr\/index.php\/wp-json\/wp\/v2\/media?parent=36"}],"curies":[{"name":"wp","href":"https:\/\/api.w.org\/{rel}","templated":true}]}}